{"id":2522,"date":"2021-10-11T05:03:43","date_gmt":"2021-10-11T05:03:43","guid":{"rendered":"https:\/\/elegant-pike.89-22-123-142.plesk.page\/en\/home\/"},"modified":"2023-07-19T14:43:52","modified_gmt":"2023-07-19T14:43:52","slug":"home","status":"publish","type":"page","link":"https:\/\/mapdify.com\/de\/","title":{"rendered":"Home"},"content":{"rendered":"\n<div class=\"wp-block-uagb-container uagb-block-0c637e46 alignfull uagb-is-root-container\"><div class=\"uagb-container-inner-blocks-wrap\">\n<div class=\"wp-block-uagb-container uagb-block-feb715ae\">\n<div class=\"wp-block-uagb-advanced-heading uagb-block-8afe9fa7\"><h1 class=\"uagb-heading-text\">Erstelle dein pers\u00f6nliches, hochdetailliertes Kartenposter<\/h1><p class=\"uagb-desc-text\"><strong>Einzigartige, individuelle Poster deines Lieblingsortes<\/strong><\/p><\/div>\n\n\n\n<div class=\"wp-block-uagb-buttons uagb-buttons__outer-wrap uagb-btn__default-btn uagb-btn-tablet__default-btn uagb-btn-mobile__default-btn uagb-block-0e85518f\"><div class=\"uagb-buttons__wrap uagb-buttons-layout-wrap\">\n<div class=\"wp-block-uagb-buttons-child uagb-buttons__outer-wrap uagb-block-6152a0ef wp-block-button is-style-outline\"><div class=\"uagb-button__wrapper\"><a class=\"uagb-buttons-repeater wp-block-button__link has-background has-text-color\" href=\"map\" onclick=\"return true;\" rel=\"follow noopener\" target=\"_self\"><div class=\"uagb-button__link\">Jetzt gestalten<\/div><span class=\"uagb-button__icon uagb-button__icon-position-after\"><svg xmlns=\"https:\/\/www.w3.org\/2000\/svg\" viewbox=\"0 0 448 512\"><path d=\"M438.6 278.6l-160 160C272.4 444.9 264.2 448 256 448s-16.38-3.125-22.62-9.375c-12.5-12.5-12.5-32.75 0-45.25L338.8 288H32C14.33 288 .0016 273.7 .0016 256S14.33 224 32 224h306.8l-105.4-105.4c-12.5-12.5-12.5-32.75 0-45.25s32.75-12.5 45.25 0l160 160C451.1 245.9 451.1 266.1 438.6 278.6z\"><\/path><\/svg><\/span><\/a><\/div><\/div>\n<\/div><\/div>\n<\/div>\n<\/div><\/div>\n\n<div class=\"wp-block-uagb-container uagb-block-11752f53 alignfull uagb-is-root-container\"><div class=\"uagb-container-inner-blocks-wrap\">\n<div class=\"wp-block-columns has-ffffff-background-color has-background is-layout-flex wp-container-core-columns-is-layout-28f84493 wp-block-columns-is-layout-flex\">\n<div class=\"wp-block-column is-layout-flow wp-block-column-is-layout-flow\" style=\"flex-basis:50%\">\n<div class=\"wp-block-uagb-advanced-heading uagb-block-d62dcb15\"><h2 class=\"uagb-heading-text\">Erstelle einzigartige Kartenposter mit Mapdify<\/h2><\/div>\n<\/div>\n\n\n\n<div class=\"wp-block-column is-layout-flow wp-block-column-is-layout-flow\" style=\"flex-basis:50%\">\n<p>Wir lieben Karten. Deine Poster werden mit viel Leidenschaft erstellt und wir sorgen daf\u00fcr, dass deine personalisierten Kartenposter sehr detailliert sind. Mit unserem Editor kannst du kreativ werden und deine eigene Karte f\u00fcr jede beliebige Stadt entwerfen. \u00c4ndere die Farbe, das Design und passe deinen Text an, um ein einzigartiges Kunstwerk f\u00fcr dein Zuhause zu schaffen.<\/p>\n<\/div>\n<\/div>\n\n\n\n<div class=\"wp-block-uagb-buttons uagb-buttons__outer-wrap uagb-btn__default-btn uagb-btn-tablet__default-btn uagb-btn-mobile__default-btn uagb-block-93a4d0e8\"><div class=\"uagb-buttons__wrap uagb-buttons-layout-wrap\">\n<div class=\"wp-block-uagb-buttons-child uagb-buttons__outer-wrap uagb-block-ffd77471 wp-block-button is-style-outline\"><div class=\"uagb-button__wrapper\"><a class=\"uagb-buttons-repeater wp-block-button__link has-background\" href=\"#\" onclick=\"return false;\" rel=\"follow noopener\" target=\"_self\"><div class=\"uagb-button__link\">Entwerfe dein eigenes Design<\/div><span class=\"uagb-button__icon uagb-button__icon-position-after\"><svg xmlns=\"https:\/\/www.w3.org\/2000\/svg\" viewbox=\"0 0 448 512\"><path d=\"M438.6 278.6l-160 160C272.4 444.9 264.2 448 256 448s-16.38-3.125-22.62-9.375c-12.5-12.5-12.5-32.75 0-45.25L338.8 288H32C14.33 288 .0016 273.7 .0016 256S14.33 224 32 224h306.8l-105.4-105.4c-12.5-12.5-12.5-32.75 0-45.25s32.75-12.5 45.25 0l160 160C451.1 245.9 451.1 266.1 438.6 278.6z\"><\/path><\/svg><\/span><\/a><\/div><\/div>\n<\/div><\/div>\n<\/div><\/div>\n\n<div class=\"wp-block-uagb-container uagb-block-3ea14ca7 alignfull uagb-is-root-container\"><div class=\"uagb-container-inner-blocks-wrap\">\n<div class=\"wp-block-uagb-container uagb-block-ce6873ab\">\n<div class=\"wp-block-uagb-image uagb-block-f2c31bdc wp-block-uagb-image--layout-default wp-block-uagb-image--effect-static wp-block-uagb-image--align-none\"><figure class=\"wp-block-uagb-image__figure\"><img decoding=\"async\" srcset=\"https:\/\/mapdify.com\/wp-content\/uploads\/2023\/04\/Atlanta_side_test-1024x768.jpg ,https:\/\/mapdify.com\/wp-content\/uploads\/2023\/04\/Atlanta_side_test-1024x768.jpg 780w, https:\/\/mapdify.com\/wp-content\/uploads\/2023\/04\/Atlanta_side_test-300x225.jpg 360w\" src=\"https:\/\/mapdify.com\/wp-content\/uploads\/2023\/04\/Atlanta_side_test-1024x768.jpg\" alt=\"\" class=\"uag-image-1932\" width=\"618\" height=\"464\" title=\"\" loading=\"lazy\"\/><\/figure><\/div>\n<\/div>\n\n\n\n<div class=\"wp-block-uagb-container uagb-block-d0044479\">\n<h2 class=\"wp-block-heading\">Hoher Detailgrad, ausgezeichnete Qualit\u00e4t<\/h2>\n\n\n\n<div class=\"wp-block-uagb-info-box uagb-block-31200c4b uagb-infobox__content-wrap  uagb-infobox-icon-above-title uagb-infobox-image-valign-top\"><div class=\"uagb-ifb-content\"><div class=\"uagb-ifb-title-wrap\"><\/div><div class=\"uagb-ifb-separator\"><\/div><\/div><\/div>\n\n\n\n<div class=\"wp-block-uagb-container uagb-block-7eb0ec91\">\n<p>Unsere Karten haben einen sehr hohen Detailgrad. Wie du vielleicht von herk\u00f6mmlichen Karten wei\u00dft, gehen viele Details verloren, wenn du herauszoomst. Nicht so bei unserer Karte. Wir zeigen viel mehr Einzelheiten f\u00fcr jede Zoomstufe, damit du dein Poster mit einem hohen Ma\u00df an Detailreichtum genie\u00dfen kannst. Die Poster werden auf hochwertigem Premium-Papier gedruckt, damit auch bei genauem Hinsehen alle Details der Karte sichtbar sind.<\/p>\n\n\n\n<div class=\"wp-block-uagb-buttons uagb-buttons__outer-wrap uagb-btn__default-btn uagb-btn-tablet__default-btn uagb-btn-mobile__default-btn uagb-block-7b9553ee\"><div class=\"uagb-buttons__wrap uagb-buttons-layout-wrap\">\n<div class=\"wp-block-uagb-buttons-child uagb-buttons__outer-wrap uagb-block-eac37dd9 wp-block-button is-style-outline\"><div class=\"uagb-button__wrapper\"><a class=\"uagb-buttons-repeater wp-block-button__link has-background\" href=\"#\" onclick=\"return false;\" rel=\"follow noopener\" target=\"_self\"><div class=\"uagb-button__link\">ERSTELLE DEIN EIGENES!<\/div><span class=\"uagb-button__icon uagb-button__icon-position-after\"><svg xmlns=\"https:\/\/www.w3.org\/2000\/svg\" viewbox=\"0 0 448 512\"><path d=\"M438.6 278.6l-160 160C272.4 444.9 264.2 448 256 448s-16.38-3.125-22.62-9.375c-12.5-12.5-12.5-32.75 0-45.25L338.8 288H32C14.33 288 .0016 273.7 .0016 256S14.33 224 32 224h306.8l-105.4-105.4c-12.5-12.5-12.5-32.75 0-45.25s32.75-12.5 45.25 0l160 160C451.1 245.9 451.1 266.1 438.6 278.6z\"><\/path><\/svg><\/span><\/a><\/div><\/div>\n<\/div><\/div>\n<\/div>\n<\/div>\n<\/div><\/div>\n\n<div class=\"wp-block-uagb-container uagb-block-6c3dde1a alignfull uagb-is-root-container\"><div class=\"uagb-container-inner-blocks-wrap\">\n<hr class=\"wp-block-separator has-alpha-channel-opacity is-style-default\" style=\"margin-top:var(--wp--preset--spacing--50);margin-bottom:var(--wp--preset--spacing--50)\"\/>\n\n\n\n<div class=\"wp-block-uagb-advanced-heading uagb-block-dd0e9ce2 advantages_header\"><h4 class=\"uagb-heading-text\">Unser Versprechen<\/h4><\/div>\n\n<div class=\"wp-block-uagb-container advantages uagb-block-5d18bfce\">\n<div class=\"wp-block-uagb-info-box uagb-block-9a355e31 uagb-infobox__content-wrap  uagb-infobox-icon-above-title uagb-infobox-image-valign-top\"><div class=\"uagb-ifb-content\"><div class=\"uagb-ifb-icon-wrap\"><svg xmlns=\"https:\/\/www.w3.org\/2000\/svg\" viewbox=\"0 0 576 512\"><path d=\"M275.2 250.5c7 7.375 18.5 7.375 25.5 0l108.1-114.2c31.5-33.12 29.72-88.1-5.65-118.7c-30.88-26.75-76.75-21.9-104.9 7.724L287.1 36.91L276.8 25.28C248.7-4.345 202.7-9.194 171.1 17.56C136.7 48.18 134.7 103.2 166.4 136.3L275.2 250.5zM568.2 336.3c-13.12-17.81-38.14-21.66-55.93-8.469l-119.7 88.17h-120.6c-8.748 0-15.1-7.25-15.1-15.1c0-8.746 7.25-15.1 15.1-15.1h78.25c15.1 0 30.75-10.87 33.37-26.62c3.25-19.1-12.12-37.37-31.62-37.37H191.1c-26.1 0-53.12 9.25-74.12 26.25l-46.5 37.74l-55.37-.0253c-8.748 0-15.1 7.275-15.1 16.02L.0001 496C.0001 504.8 7.251 512 15.1 512h346.1c22.03 0 43.92-7.187 61.7-20.28l135.1-99.51C577.5 379.1 581.3 354.1 568.2 336.3z\"><\/path><\/svg><\/div><div class=\"uagb-ifb-title-wrap\"><h6 class=\"uagb-ifb-title\">Hohe Qualit\u00e4t<\/h6><\/div><p class=\"uagb-ifb-desc\">Unsere Karten werden in exzellenter Qualit\u00e4t auf hochwertigem Papier gedruckt.<\/p><\/div><\/div>\n\n\n\n<div class=\"wp-block-uagb-info-box uagb-block-96dc35ff uagb-infobox__content-wrap  uagb-infobox-icon-above-title uagb-infobox-image-valign-top\"><div class=\"uagb-ifb-content\"><div class=\"uagb-ifb-icon-wrap\"><svg xmlns=\"https:\/\/www.w3.org\/2000\/svg\" viewbox=\"0 0 448 512\"><path d=\"M0 32c477.6 0 366.6 317.3 367.1 366.3L448 480h-26l-70.4-71.2c-39 4.2-124.4 34.5-214.4-37C47 300.3 52 214.7 0 32zm79.7 46c-49.7-23.5-5.2 9.2-5.2 9.2 45.2 31.2 66 73.7 90.2 119.9 31.5 60.2 79 139.7 144.2 167.7 65 28 34.2 12.5 6-8.5-28.2-21.2-68.2-87-91-130.2-31.7-60-61-118.6-144.2-158.1z\"><\/path><\/svg><\/div><div class=\"uagb-ifb-title-wrap\"><h6 class=\"uagb-ifb-title\">Umweltfreundlich<\/h6><\/div><p class=\"uagb-ifb-desc\">Produziert in Europa und gedruckt erst bei deiner Bestellung, um unseren \u00f6kologischen Fu\u00dfabdruck zu minimieren<\/p><\/div><\/div>\n\n\n\n<div class=\"wp-block-uagb-info-box uagb-block-32e1cece uagb-infobox__content-wrap  uagb-infobox-icon-above-title uagb-infobox-image-valign-top\"><div class=\"uagb-ifb-content\"><div class=\"uagb-ifb-icon-wrap\"><svg xmlns=\"https:\/\/www.w3.org\/2000\/svg\" viewbox=\"0 0 512 512\"><path d=\"M492.7 42.75C517.7 67.74 517.7 108.3 492.7 133.3L436.3 189.7L322.3 75.72L378.7 19.32C403.7-5.678 444.3-5.678 469.3 19.32L492.7 42.75zM44.89 353.2L299.7 98.34L413.7 212.3L158.8 467.1C152.1 473.8 143.8 478.7 134.6 481.4L30.59 511.1C22.21 513.5 13.19 511.1 7.03 504.1C.8669 498.8-1.47 489.8 .9242 481.4L30.65 377.4C33.26 368.2 38.16 359.9 44.89 353.2zM249.4 103.4L103.4 249.4L16 161.9C-2.745 143.2-2.745 112.8 16 94.06L94.06 16C112.8-2.745 143.2-2.745 161.9 16L181.7 35.76C181.4 36.05 181 36.36 180.7 36.69L116.7 100.7C110.4 106.9 110.4 117.1 116.7 123.3C122.9 129.6 133.1 129.6 139.3 123.3L203.3 59.31C203.6 58.99 203.1 58.65 204.2 58.3L249.4 103.4zM453.7 307.8C453.4 308 453 308.4 452.7 308.7L388.7 372.7C382.4 378.9 382.4 389.1 388.7 395.3C394.9 401.6 405.1 401.6 411.3 395.3L475.3 331.3C475.6 330.1 475.1 330.6 476.2 330.3L496 350.1C514.7 368.8 514.7 399.2 496 417.9L417.9 496C399.2 514.7 368.8 514.7 350.1 496L262.6 408.6L408.6 262.6L453.7 307.8z\"><\/path><\/svg><\/div><div class=\"uagb-ifb-title-wrap\"><h6 class=\"uagb-ifb-title\">Personalisierbar<\/h6><\/div><p class=\"uagb-ifb-desc\">Personalisiere die Karte nach deinen W\u00fcnschen! Du kannst den Ort, das Design, die Gr\u00f6\u00dfe und die Farbe w\u00e4hlen.<\/p><\/div><\/div>\n\n\n\n<div class=\"wp-block-uagb-info-box uagb-block-6629fbb7 uagb-infobox__content-wrap  uagb-infobox-icon-above-title uagb-infobox-image-valign-top\"><div class=\"uagb-ifb-content\"><div class=\"uagb-ifb-icon-wrap\"><svg xmlns=\"https:\/\/www.w3.org\/2000\/svg\" viewbox=\"0 0 512 512\"><path d=\"M256-.0078C260.7-.0081 265.2 1.008 269.4 2.913L457.7 82.79C479.7 92.12 496.2 113.8 496 139.1C495.5 239.2 454.7 420.7 282.4 503.2C265.7 511.1 246.3 511.1 229.6 503.2C57.25 420.7 16.49 239.2 15.1 139.1C15.87 113.8 32.32 92.12 54.3 82.79L242.7 2.913C246.8 1.008 251.4-.0081 256-.0078V-.0078z\"><\/path><\/svg><\/div><div class=\"uagb-ifb-title-wrap\"><h6 class=\"uagb-ifb-title\">Sichere Bezahlung<\/h6><\/div><p class=\"uagb-ifb-desc\">100% SSL-gesicherter Kaufprozess, unsere Server stehen in Deutschland.<\/p><\/div><\/div>\n<\/div>\n<\/div><\/div>\n","protected":false},"excerpt":{"rendered":"<p>Erstelle dein pers\u00f6nliches, hochdetailliertes Kartenposter Einzigartige, individuelle Poster deines Lieblingsortes Erstelle einzigartige Kartenposter mit Mapdify Wir lieben Karten. Deine Poster werden mit viel Leidenschaft erstellt und wir sorgen daf\u00fcr, dass deine personalisierten Kartenposter sehr detailliert sind. Mit unserem Editor kannst du kreativ werden und deine eigene Karte f\u00fcr jede beliebige Stadt entwerfen. \u00c4ndere die Farbe, &hellip;<\/p>\n<p class=\"read-more\"> <a class=\"\" href=\"https:\/\/mapdify.com\/de\/\"> <span class=\"screen-reader-text\">Home<\/span> Read More &raquo;<\/a><\/p>\n","protected":false},"author":1,"featured_media":0,"parent":0,"menu_order":0,"comment_status":"closed","ping_status":"closed","template":"","meta":{"_uag_custom_page_level_css":"","site-sidebar-layout":"no-sidebar","site-content-layout":"page-builder","ast-global-header-display":"","ast-main-header-display":"","ast-hfb-above-header-display":"","ast-hfb-below-header-display":"","ast-hfb-mobile-header-display":"","site-post-title":"disabled","ast-breadcrumbs-content":"","ast-featured-img":"disabled","footer-sml-layout":"","theme-transparent-header-meta":"default","adv-header-id-meta":"","stick-header-meta":"","header-above-stick-meta":"","header-main-stick-meta":"","header-below-stick-meta":"","footnotes":""},"class_list":["post-2522","page","type-page","status-publish","hentry"],"uagb_featured_image_src":{"full":false,"thumbnail":false,"medium":false,"medium_large":false,"large":false,"1536x1536":false,"2048x2048":false,"woocommerce_thumbnail":false,"woocommerce_single":false,"woocommerce_gallery_thumbnail":false,"wc_order_status_icon":false},"uagb_author_info":{"display_name":"admin","author_link":"https:\/\/mapdify.com\/de\/author\/contact_ucssiaf4\/"},"uagb_comment_info":0,"uagb_excerpt":"Erstelle dein pers\u00f6nliches, hochdetailliertes Kartenposter Einzigartige, individuelle Poster deines Lieblingsortes Erstelle einzigartige Kartenposter mit Mapdify Wir lieben Karten. Deine Poster werden mit viel Leidenschaft erstellt und wir sorgen daf\u00fcr, dass deine personalisierten Kartenposter sehr detailliert sind. Mit unserem Editor kannst du kreativ werden und deine eigene Karte f\u00fcr jede beliebige Stadt entwerfen. \u00c4ndere die Farbe,&hellip;","_links":{"self":[{"href":"https:\/\/mapdify.com\/de\/wp-json\/wp\/v2\/pages\/2522","targetHints":{"allow":["GET"]}}],"collection":[{"href":"https:\/\/mapdify.com\/de\/wp-json\/wp\/v2\/pages"}],"about":[{"href":"https:\/\/mapdify.com\/de\/wp-json\/wp\/v2\/types\/page"}],"author":[{"embeddable":true,"href":"https:\/\/mapdify.com\/de\/wp-json\/wp\/v2\/users\/1"}],"replies":[{"embeddable":true,"href":"https:\/\/mapdify.com\/de\/wp-json\/wp\/v2\/comments?post=2522"}],"version-history":[{"count":17,"href":"https:\/\/mapdify.com\/de\/wp-json\/wp\/v2\/pages\/2522\/revisions"}],"predecessor-version":[{"id":28890,"href":"https:\/\/mapdify.com\/de\/wp-json\/wp\/v2\/pages\/2522\/revisions\/28890"}],"wp:attachment":[{"href":"https:\/\/mapdify.com\/de\/wp-json\/wp\/v2\/media?parent=2522"}],"curies":[{"name":"wp","href":"https:\/\/api.w.org\/{rel}","templated":true}]}}