{"id":28906,"date":"2021-10-11T05:04:07","date_gmt":"2021-10-11T05:04:07","guid":{"rendered":"https:\/\/elegant-pike.89-22-123-142.plesk.page\/ueber-uns\/"},"modified":"2023-07-19T15:15:27","modified_gmt":"2023-07-19T15:15:27","slug":"ueber-uns","status":"publish","type":"page","link":"https:\/\/mapdify.com\/de\/ueber-uns\/","title":{"rendered":"\u00dcber Uns"},"content":{"rendered":"\n<div class=\"wp-block-uagb-container uagb-block-a5843757 alignfull uagb-is-root-container\"><div class=\"uagb-container-inner-blocks-wrap\">\n<div class=\"wp-block-uagb-advanced-heading uagb-block-39527481\"><h1 class=\"uagb-heading-text\">\u00dcber Uns<\/h1><\/div>\n<\/div><\/div>\n\n<div class=\"wp-block-uagb-container uagb-block-86b56420 alignfull uagb-is-root-container\"><div class=\"uagb-container-inner-blocks-wrap\">\n<div class=\"wp-block-uagb-container uagb-block-a7ce55ee\">\n<div class=\"wp-block-uagb-image uagb-block-43ddfe8a wp-block-uagb-image--layout-default wp-block-uagb-image--effect-static wp-block-uagb-image--align-none\"><figure class=\"wp-block-uagb-image__figure\"><img decoding=\"async\" srcset=\"https:\/\/mapdify.com\/wp-content\/uploads\/2023\/06\/annie-spratt-MChSQHxGZrQ-unsplash-683x1024.jpg ,https:\/\/mapdify.com\/wp-content\/uploads\/2021\/07\/fashion-designer-about-owner-img.jpg 780w, https:\/\/mapdify.com\/wp-content\/uploads\/2023\/06\/annie-spratt-MChSQHxGZrQ-unsplash-200x300.jpg 360w\" sizes=\"auto, (max-width: 480px) 150px\" src=\"https:\/\/mapdify.com\/wp-content\/uploads\/2023\/06\/annie-spratt-MChSQHxGZrQ-unsplash-683x1024.jpg\" alt=\"\" class=\"uag-image-2117\" width=\"683\" height=\"1024\" title=\"\" loading=\"lazy\"\/><\/figure><\/div>\n\n\n\n<div class=\"wp-block-uagb-advanced-heading uagb-block-d4c8f745\"><h4 class=\"uagb-heading-text\">Mapdify @ Work<\/h4><p class=\"uagb-desc-text\">Neue Ideen f\u00fcr personalisierte Kreationen<\/p><\/div>\n<\/div>\n\n\n\n<div class=\"wp-block-uagb-container uagb-block-0d312fce\">\n<div class=\"wp-block-uagb-advanced-heading uagb-block-cf0a8e5c\"><h5 class=\"uagb-heading-text\">Wir bem\u00fchen uns, Produkte anzubieten, die einzigartig sind und einen pers\u00f6nlichen Wert haben<\/h5><p class=\"uagb-desc-text\">Wir bieten unseren Kunden eine personalisierte Dekoration, die deine Individualit\u00e4t unterstreicht und eine Geschichte erz\u00e4hlt. Wir hoffen, dass die Gestaltung deines pers\u00f6nlichen Poster mit deinen Lieblingspl\u00e4tzen dein Zuhause zu einem Ort macht, an dem du gerne Zeit verbringst!<\/p><\/div>\n\n\n\n<div class=\"wp-block-uagb-info-box uagb-block-b55c5399 uagb-infobox__content-wrap  uagb-infobox-icon-above-title uagb-infobox-image-valign-top\"><div class=\"uagb-ifb-content\"><div class=\"uagb-ifb-icon-wrap\"><svg xmlns=\"https:\/\/www.w3.org\/2000\/svg\" viewbox=\"0 0 448 512\"><path d=\"M96 224C84.72 224 74.05 226.3 64 229.9V224c0-35.3 28.7-64 64-64c17.67 0 32-14.33 32-32S145.7 96 128 96C57.42 96 0 153.4 0 224v96c0 53.02 42.98 96 96 96s96-42.98 96-96S149 224 96 224zM352 224c-11.28 0-21.95 2.305-32 5.879V224c0-35.3 28.7-64 64-64c17.67 0 32-14.33 32-32s-14.33-32-32-32c-70.58 0-128 57.42-128 128v96c0 53.02 42.98 96 96 96s96-42.98 96-96S405 224 352 224z\"><\/path><\/svg><\/div><div class=\"uagb-ifb-title-wrap\"><h5 class=\"uagb-ifb-title\">Gestalten Sie Ihren eigenen Weg. Entdecke die Kunst Ihrer Reise mit unseren individuellen Stra\u00dfenkartenpostern.<\/h5><\/div><\/div><\/div>\n\n\n\n<div class=\"wp-block-uagb-image alignleft uagb-block-3056c36a wp-block-uagb-image--layout-default wp-block-uagb-image--effect-static wp-block-uagb-image--align-left\"><figure class=\"wp-block-uagb-image__figure\"><img decoding=\"async\" srcset=\"https:\/\/mapdify.com\/wp-content\/uploads\/2023\/07\/signature.png \" sizes=\"auto, (max-width: 480px) 150px\" src=\"https:\/\/mapdify.com\/wp-content\/uploads\/2023\/07\/signature.png\" alt=\"\" class=\"uag-image-2934\" width=\"117\" height=\"59\" title=\"\" loading=\"lazy\"\/><\/figure><\/div>\n<\/div>\n<\/div><\/div>\n\n<div class=\"wp-block-uagb-container uag-hide-desktop uag-hide-tab uag-hide-mob uagb-block-42548d24 alignfull uagb-is-root-container\"><div class=\"uagb-container-inner-blocks-wrap\">\n<div class=\"wp-block-uagb-advanced-heading uagb-block-27ea1291 uag-hide-desktop uag-hide-tab uag-hide-mob\"><h6 class=\"uagb-heading-text\">AUSZEICHNUNGEN &amp; ERFOLGE<\/h6><div class=\"uagb-separator\"><\/div><\/div>\n\n\n\n<div class=\"wp-block-uagb-container uag-hide-desktop uag-hide-tab uag-hide-mob uagb-block-6d904c23\">\n<div class=\"wp-block-uagb-container uagb-block-b7b718c0\">\n<div class=\"wp-block-uagb-image aligncenter uagb-block-4a186abd wp-block-uagb-image--layout-default wp-block-uagb-image--effect-static wp-block-uagb-image--align-center\"><figure class=\"wp-block-uagb-image__figure\"><img decoding=\"async\" srcset=\"https:\/\/mapdify.com\/wp-content\/uploads\/2021\/07\/logo-21.svg \" sizes=\"auto, (max-width: 480px) 150px\" src=\"https:\/\/mapdify.com\/wp-content\/uploads\/2021\/07\/logo-21.svg\" alt=\"\" class=\"uag-image-465\" width=\"156\" height=\"88\" title=\"\" loading=\"lazy\"\/><\/figure><\/div>\n<\/div>\n\n\n\n<div class=\"wp-block-uagb-container uagb-block-d772b3cd\">\n<div class=\"wp-block-uagb-image aligncenter uagb-block-8576170b wp-block-uagb-image--layout-default wp-block-uagb-image--effect-static wp-block-uagb-image--align-center\"><figure class=\"wp-block-uagb-image__figure\"><img decoding=\"async\" srcset=\"https:\/\/mapdify.com\/wp-content\/uploads\/2021\/07\/logo-3.svg \" sizes=\"auto, (max-width: 480px) 150px\" src=\"https:\/\/mapdify.com\/wp-content\/uploads\/2021\/07\/logo-3.svg\" alt=\"\" class=\"uag-image-469\" width=\"156\" height=\"88\" title=\"\" loading=\"lazy\"\/><\/figure><\/div>\n<\/div>\n\n\n\n<div class=\"wp-block-uagb-container uagb-block-4893065e\">\n<div class=\"wp-block-uagb-image aligncenter uagb-block-c3a3128c wp-block-uagb-image--layout-default wp-block-uagb-image--effect-static wp-block-uagb-image--align-center\"><figure class=\"wp-block-uagb-image__figure\"><img decoding=\"async\" srcset=\"https:\/\/mapdify.com\/wp-content\/uploads\/2021\/07\/logo-4.svg \" sizes=\"auto, (max-width: 480px) 150px\" src=\"https:\/\/mapdify.com\/wp-content\/uploads\/2021\/07\/logo-4.svg\" alt=\"\" class=\"uag-image-470\" width=\"156\" height=\"88\" title=\"\" loading=\"lazy\"\/><\/figure><\/div>\n<\/div>\n\n\n\n<div class=\"wp-block-uagb-container uagb-block-96e0d60f\">\n<div class=\"wp-block-uagb-image aligncenter uagb-block-7543a2ce wp-block-uagb-image--layout-default wp-block-uagb-image--effect-static wp-block-uagb-image--align-center\"><figure class=\"wp-block-uagb-image__figure\"><img decoding=\"async\" srcset=\"https:\/\/mapdify.com\/wp-content\/uploads\/2021\/07\/logo-22.svg \" sizes=\"auto, (max-width: 480px) 150px\" src=\"https:\/\/mapdify.com\/wp-content\/uploads\/2021\/07\/logo-22.svg\" alt=\"\" class=\"uag-image-466\" width=\"156\" height=\"88\" title=\"\" loading=\"lazy\"\/><\/figure><\/div>\n<\/div>\n\n\n\n<div class=\"wp-block-uagb-container uagb-block-305b860e\">\n<div class=\"wp-block-uagb-image aligncenter uagb-block-3df18fda wp-block-uagb-image--layout-default wp-block-uagb-image--effect-static wp-block-uagb-image--align-center\"><figure class=\"wp-block-uagb-image__figure\"><img decoding=\"async\" srcset=\"https:\/\/mapdify.com\/wp-content\/uploads\/2021\/07\/logo-5.svg \" sizes=\"auto, (max-width: 480px) 150px\" src=\"https:\/\/mapdify.com\/wp-content\/uploads\/2021\/07\/logo-5.svg\" alt=\"\" class=\"uag-image-471\" width=\"156\" height=\"88\" title=\"\" loading=\"lazy\"\/><\/figure><\/div>\n<\/div>\n\n\n\n<div class=\"wp-block-uagb-container uagb-block-8d06f044\">\n<div class=\"wp-block-uagb-image aligncenter uagb-block-68f9f7e3 wp-block-uagb-image--layout-default wp-block-uagb-image--effect-static wp-block-uagb-image--align-center\"><figure class=\"wp-block-uagb-image__figure\"><img decoding=\"async\" srcset=\"https:\/\/mapdify.com\/wp-content\/uploads\/2021\/07\/logo-18.svg \" sizes=\"auto, (max-width: 480px) 150px\" src=\"https:\/\/mapdify.com\/wp-content\/uploads\/2021\/07\/logo-18.svg\" alt=\"\" class=\"uag-image-472\" width=\"156\" height=\"88\" title=\"\" loading=\"lazy\"\/><\/figure><\/div>\n<\/div>\n<\/div>\n<\/div><\/div>\n\n<div class=\"wp-block-uagb-container uag-hide-desktop uag-hide-tab uag-hide-mob uagb-block-3e970c39 alignfull uagb-is-root-container\"><div class=\"uagb-container-inner-blocks-wrap\">\n<div class=\"wp-block-uagb-container uagb-block-a469fd11\">\n<div class=\"wp-block-uagb-advanced-heading uagb-block-2f4677ca\"><h5 class=\"uagb-heading-text\">Die Philosophie<\/h5><\/div>\n<\/div>\n\n\n\n<div class=\"wp-block-uagb-container uagb-block-eefa3e98\">\n<div class=\"wp-block-uagb-advanced-heading uagb-block-e2d5c75d uag-hide-desktop uag-hide-tab uag-hide-mob\"><p class=\"uagb-heading-text\">Sed ut interdum pellentesque neque, sed commodo dignissim suspendisse dui amet, adipiscing nunc massa amet quam aliquet senectus eu justo, nunc est mauris et fermentum tortor, pharetra condimentum habitant non amet scelerisque nunc tincidunt nisi, et, consectetur dignissim bibendum massa arcu, urna, amet, gravida nec semper est eget.<br\/><br\/>Tempus pulvinar ullamcorper tellus amet molestie nunc condimentum tortor nunc mauris, consectetur vel sed tincidunt id risus fringilla morbi purus ipsum odio nisl pellentesque.<\/p><\/div>\n<\/div>\n<\/div><\/div>\n\n<div class=\"wp-block-uagb-container uagb-block-1cbc6f84 alignfull uagb-is-root-container\"><div class=\"uagb-container-inner-blocks-wrap\">\n<div class=\"wp-block-uagb-advanced-heading uagb-block-fee1d0fa\"><h2 class=\"uagb-heading-text\">Testimonials<\/h2><\/div>\n\n\n\n<div class=\"wp-block-uagb-container uagb-block-080e556e\">\n<div class=\"wp-block-uagb-container uagb-block-122c1dbf\">\n<div class=\"wp-block-uagb-testimonial uagb-slick-carousel uagb-tm__arrow-outside uagb-block-45f632c5 uagb-post__carousel_notset uagb-post__carousel_notset-tablet uagb-post__carousel_notset-mobile\"><div class=\"is-carousel uagb-tm__columns-1 uagb-tm__items\"><div class=\"uagb-testimonial__wrap  uagb-tm__imgicon-style-circle uagb-tm__image-position-bottom uagb-tm__bg-type-none \"><div class=\"uagb-tm__content\"><div class=\"uagb-tm__overlay\"><\/div><div class=\"uagb-tm__text-wrap\"><div class=\"uagb-tm__desc\">&#8222;Die Karte ist gut gestaltet. Das hochaufl\u00f6sende Poster, dass ich erhalten habe, \u00fcbertrifft sogar meine Erwartungen, es ist sehr detailliert und zeigt die ganze Stadt auf sehr sch\u00f6ne Weise.&#8220;<\/div><div class=\"uagb-tm__meta-inner\"><div class=\"uagb-testimonial-details\"><span class=\"uagb-tm__author-name\">Florence<\/span><span class=\"uagb-tm__company\">auf Etsy<\/span><\/div><\/div><\/div><\/div><\/div><\/div><\/div>\n<\/div>\n\n\n\n<div class=\"wp-block-uagb-container uagb-block-0b14bab6\">\n<div class=\"wp-block-uagb-testimonial uagb-slick-carousel uagb-tm__arrow-outside uagb-block-b4f10e21 uagb-post__carousel_notset uagb-post__carousel_notset-tablet uagb-post__carousel_notset-mobile\"><div class=\"is-carousel uagb-tm__columns-1 uagb-tm__items\"><div class=\"uagb-testimonial__wrap  uagb-tm__imgicon-style-circle uagb-tm__image-position-bottom uagb-tm__bg-type-none \"><div class=\"uagb-tm__content\"><div class=\"uagb-tm__overlay\"><\/div><div class=\"uagb-tm__text-wrap\"><div class=\"uagb-tm__desc\">&#8222;Das Poster gef\u00e4llt mir sehr gut, es hat eine gute Qualit\u00e4t. Steht gerahmt in unserem Esszimmer und sieht wirklich gut aus!&#8220;<\/div><div class=\"uagb-tm__meta-inner\"><div class=\"uagb-tm__image-content\"><div class=\"uagb-tm__image\"><img decoding=\"async\" class=\"uagb-tm-img-src\" src=\"https:\/\/mapdify.com\/wp-content\/uploads\/2023\/07\/fashion-designer-reviewer-profile-img-4.jpg\" alt=\"\" width=\"40\" height=\"40\" loading=\"lazy\"\/><\/div><\/div><div class=\"uagb-testimonial-details\"><span class=\"uagb-tm__author-name\"><a href=\"https:\/\/www.trustpilot.com\/users\/5f47612abc400dd8a724cf92\">Nadine Leibnitz<\/a><\/span><span class=\"uagb-tm__company\">auf Trustpilot<\/span><\/div><\/div><\/div><\/div><\/div><\/div><\/div>\n<\/div>\n<\/div>\n\n\n\n<div class=\"wp-block-uagb-container uagb-block-8824f949\">\n<div class=\"wp-block-uagb-container uagb-block-cd496571\">\n<div class=\"wp-block-uagb-testimonial uagb-slick-carousel uagb-tm__arrow-outside uagb-block-94e81861 uagb-post__carousel_notset uagb-post__carousel_notset-tablet uagb-post__carousel_notset-mobile\"><div class=\"is-carousel uagb-tm__columns-1 uagb-tm__items\"><div class=\"uagb-testimonial__wrap  uagb-tm__imgicon-style-circle uagb-tm__image-position-bottom uagb-tm__bg-type-none \"><div class=\"uagb-tm__content\"><div class=\"uagb-tm__overlay\"><\/div><div class=\"uagb-tm__text-wrap\"><div class=\"uagb-tm__desc\">&#8222;Wundersch\u00f6n! Der Verk\u00e4ufer war sehr schnell und hilfsbereit. Dieser Druck war genau das, wonach ich gesucht habe!&#8220;<\/div><div class=\"uagb-tm__meta-inner\"><div class=\"uagb-tm__image-content\"><div class=\"uagb-tm__image\"><img decoding=\"async\" class=\"uagb-tm-img-src\" src=\"https:\/\/mapdify.com\/wp-content\/uploads\/2023\/07\/iusa_400x400.41051468_ip3w-150x150.jpg\" alt=\"\" width=\"40\" height=\"40\" loading=\"lazy\"\/><\/div><\/div><div class=\"uagb-testimonial-details\"><span class=\"uagb-tm__author-name\"><a href=\"https:\/\/www.facebook.com\/brooke.limon.7\/\">Brooke Lim\u00f3n<\/a><\/span><span class=\"uagb-tm__company\">auf Etsy<\/span><\/div><\/div><\/div><\/div><\/div><\/div><\/div>\n<\/div>\n\n\n\n<div class=\"wp-block-uagb-container uagb-block-704cc087\">\n<div class=\"wp-block-uagb-testimonial uagb-slick-carousel uagb-tm__arrow-outside uagb-block-10b6bd9f uagb-post__carousel_notset uagb-post__carousel_notset-tablet uagb-post__carousel_notset-mobile\"><div class=\"is-carousel uagb-tm__columns-1 uagb-tm__items\"><div class=\"uagb-testimonial__wrap  uagb-tm__imgicon-style-circle uagb-tm__image-position-bottom uagb-tm__bg-type-none \"><div class=\"uagb-tm__content\"><div class=\"uagb-tm__overlay\"><\/div><div class=\"uagb-tm__text-wrap\"><div class=\"uagb-tm__desc\">&#8222;Die Liebe zum Detail ist bemerkenswert und f\u00e4ngt die Essenz jeder Stadt wunderbar ein. Danke f\u00fcr den tollen Kundenservice. Ich kann Sie nur empfehlen!&#8220;<\/div><div class=\"uagb-tm__meta-inner\"><div class=\"uagb-testimonial-details\"><span class=\"uagb-tm__author-name\"><a href=\"https:\/\/www.trustpilot.com\/users\/5f33c1152ee338503c421f5f\">Katrin Brandt<\/a><\/span><span class=\"uagb-tm__company\">via Mail<\/span><\/div><\/div><\/div><\/div><\/div><\/div><\/div>\n<\/div>\n<\/div>\n\n\n\n<div class=\"wp-block-uagb-container uagb-block-06d3c7b0\">\n<div class=\"wp-block-uagb-call-to-action uagb-block-c7fffa6a wp-block-button\"><div class=\"uagb-cta__wrap\"><h3 class=\"uagb-cta__title\">Du willst mehr?<\/h3><p class=\"uagb-cta__desc\"><strong>Lese mehr Testimonials <\/strong><br\/><strong>auf unserer Review-Seite<\/strong><\/p><\/div><div class=\"uagb-cta__buttons\"><a href=\"https:\/\/mapdify.com\/de\/bewertungen\/\" class=\"uagb-cta__button-link-wrapper wp-block-button__link\" target=\"_self\" rel=\"noopener noreferrer\">Mehr lesen<svg xmlns=\"https:\/\/www.w3.org\/2000\/svg\" viewbox=\"0 0 512 512\"><path d=\"M504.3 273.6l-112.1 104c-6.992 6.484-17.18 8.218-25.94 4.406c-8.758-3.812-14.42-12.45-14.42-21.1L351.9 288H32C14.33 288 .0002 273.7 .0002 255.1S14.33 224 32 224h319.9l0-72c0-9.547 5.66-18.19 14.42-22c8.754-3.809 18.95-2.075 25.94 4.41l112.1 104C514.6 247.9 514.6 264.1 504.3 273.6z\"><\/path><\/svg><\/a><\/div><\/div>\n<\/div>\n<\/div><\/div>\n\n<div class=\"wp-block-uagb-container uagb-block-92a2c9e6 alignfull uagb-is-root-container\"><div class=\"uagb-container-inner-blocks-wrap\">\n<div class=\"wp-block-uagb-advanced-heading uagb-block-dd0e9ce2 advantages_header\"><h4 class=\"uagb-heading-text\">Unser Versprechen<\/h4><\/div>\n\n<div class=\"wp-block-uagb-container advantages uagb-block-5d18bfce\">\n<div class=\"wp-block-uagb-info-box uagb-block-9a355e31 uagb-infobox__content-wrap  uagb-infobox-icon-above-title uagb-infobox-image-valign-top\"><div class=\"uagb-ifb-content\"><div class=\"uagb-ifb-icon-wrap\"><svg xmlns=\"https:\/\/www.w3.org\/2000\/svg\" viewbox=\"0 0 576 512\"><path d=\"M275.2 250.5c7 7.375 18.5 7.375 25.5 0l108.1-114.2c31.5-33.12 29.72-88.1-5.65-118.7c-30.88-26.75-76.75-21.9-104.9 7.724L287.1 36.91L276.8 25.28C248.7-4.345 202.7-9.194 171.1 17.56C136.7 48.18 134.7 103.2 166.4 136.3L275.2 250.5zM568.2 336.3c-13.12-17.81-38.14-21.66-55.93-8.469l-119.7 88.17h-120.6c-8.748 0-15.1-7.25-15.1-15.1c0-8.746 7.25-15.1 15.1-15.1h78.25c15.1 0 30.75-10.87 33.37-26.62c3.25-19.1-12.12-37.37-31.62-37.37H191.1c-26.1 0-53.12 9.25-74.12 26.25l-46.5 37.74l-55.37-.0253c-8.748 0-15.1 7.275-15.1 16.02L.0001 496C.0001 504.8 7.251 512 15.1 512h346.1c22.03 0 43.92-7.187 61.7-20.28l135.1-99.51C577.5 379.1 581.3 354.1 568.2 336.3z\"><\/path><\/svg><\/div><div class=\"uagb-ifb-title-wrap\"><h6 class=\"uagb-ifb-title\">Hohe Qualit\u00e4t<\/h6><\/div><p class=\"uagb-ifb-desc\">Unsere Karten werden in exzellenter Qualit\u00e4t auf hochwertigem Papier gedruckt.<\/p><\/div><\/div>\n\n\n\n<div class=\"wp-block-uagb-info-box uagb-block-96dc35ff uagb-infobox__content-wrap  uagb-infobox-icon-above-title uagb-infobox-image-valign-top\"><div class=\"uagb-ifb-content\"><div class=\"uagb-ifb-icon-wrap\"><svg xmlns=\"https:\/\/www.w3.org\/2000\/svg\" viewbox=\"0 0 448 512\"><path d=\"M0 32c477.6 0 366.6 317.3 367.1 366.3L448 480h-26l-70.4-71.2c-39 4.2-124.4 34.5-214.4-37C47 300.3 52 214.7 0 32zm79.7 46c-49.7-23.5-5.2 9.2-5.2 9.2 45.2 31.2 66 73.7 90.2 119.9 31.5 60.2 79 139.7 144.2 167.7 65 28 34.2 12.5 6-8.5-28.2-21.2-68.2-87-91-130.2-31.7-60-61-118.6-144.2-158.1z\"><\/path><\/svg><\/div><div class=\"uagb-ifb-title-wrap\"><h6 class=\"uagb-ifb-title\">Umweltfreundlich<\/h6><\/div><p class=\"uagb-ifb-desc\">Produziert in Europa und gedruckt erst bei deiner Bestellung, um unseren \u00f6kologischen Fu\u00dfabdruck zu minimieren<\/p><\/div><\/div>\n\n\n\n<div class=\"wp-block-uagb-info-box uagb-block-32e1cece uagb-infobox__content-wrap  uagb-infobox-icon-above-title uagb-infobox-image-valign-top\"><div class=\"uagb-ifb-content\"><div class=\"uagb-ifb-icon-wrap\"><svg xmlns=\"https:\/\/www.w3.org\/2000\/svg\" viewbox=\"0 0 512 512\"><path d=\"M492.7 42.75C517.7 67.74 517.7 108.3 492.7 133.3L436.3 189.7L322.3 75.72L378.7 19.32C403.7-5.678 444.3-5.678 469.3 19.32L492.7 42.75zM44.89 353.2L299.7 98.34L413.7 212.3L158.8 467.1C152.1 473.8 143.8 478.7 134.6 481.4L30.59 511.1C22.21 513.5 13.19 511.1 7.03 504.1C.8669 498.8-1.47 489.8 .9242 481.4L30.65 377.4C33.26 368.2 38.16 359.9 44.89 353.2zM249.4 103.4L103.4 249.4L16 161.9C-2.745 143.2-2.745 112.8 16 94.06L94.06 16C112.8-2.745 143.2-2.745 161.9 16L181.7 35.76C181.4 36.05 181 36.36 180.7 36.69L116.7 100.7C110.4 106.9 110.4 117.1 116.7 123.3C122.9 129.6 133.1 129.6 139.3 123.3L203.3 59.31C203.6 58.99 203.1 58.65 204.2 58.3L249.4 103.4zM453.7 307.8C453.4 308 453 308.4 452.7 308.7L388.7 372.7C382.4 378.9 382.4 389.1 388.7 395.3C394.9 401.6 405.1 401.6 411.3 395.3L475.3 331.3C475.6 330.1 475.1 330.6 476.2 330.3L496 350.1C514.7 368.8 514.7 399.2 496 417.9L417.9 496C399.2 514.7 368.8 514.7 350.1 496L262.6 408.6L408.6 262.6L453.7 307.8z\"><\/path><\/svg><\/div><div class=\"uagb-ifb-title-wrap\"><h6 class=\"uagb-ifb-title\">Personalisierbar<\/h6><\/div><p class=\"uagb-ifb-desc\">Personalisiere die Karte nach deinen W\u00fcnschen! Du kannst den Ort, das Design, die Gr\u00f6\u00dfe und die Farbe w\u00e4hlen.<\/p><\/div><\/div>\n\n\n\n<div class=\"wp-block-uagb-info-box uagb-block-6629fbb7 uagb-infobox__content-wrap  uagb-infobox-icon-above-title uagb-infobox-image-valign-top\"><div class=\"uagb-ifb-content\"><div class=\"uagb-ifb-icon-wrap\"><svg xmlns=\"https:\/\/www.w3.org\/2000\/svg\" viewbox=\"0 0 512 512\"><path d=\"M256-.0078C260.7-.0081 265.2 1.008 269.4 2.913L457.7 82.79C479.7 92.12 496.2 113.8 496 139.1C495.5 239.2 454.7 420.7 282.4 503.2C265.7 511.1 246.3 511.1 229.6 503.2C57.25 420.7 16.49 239.2 15.1 139.1C15.87 113.8 32.32 92.12 54.3 82.79L242.7 2.913C246.8 1.008 251.4-.0081 256-.0078V-.0078z\"><\/path><\/svg><\/div><div class=\"uagb-ifb-title-wrap\"><h6 class=\"uagb-ifb-title\">Sichere Bezahlung<\/h6><\/div><p class=\"uagb-ifb-desc\">100% SSL-gesicherter Kaufprozess, unsere Server stehen in Deutschland.<\/p><\/div><\/div>\n<\/div>\n<\/div><\/div>\n","protected":false},"excerpt":{"rendered":"<p>\u00dcber Uns Mapdify @ Work Neue Ideen f\u00fcr personalisierte Kreationen Wir bem\u00fchen uns, Produkte anzubieten, die einzigartig sind und einen pers\u00f6nlichen Wert haben Wir bieten unseren Kunden eine personalisierte Dekoration, die deine Individualit\u00e4t unterstreicht und eine Geschichte erz\u00e4hlt. Wir hoffen, dass die Gestaltung deines pers\u00f6nlichen Poster mit deinen Lieblingspl\u00e4tzen dein Zuhause zu einem Ort macht, &hellip;<\/p>\n<p class=\"read-more\"> <a class=\"\" href=\"https:\/\/mapdify.com\/de\/ueber-uns\/\"> <span class=\"screen-reader-text\">\u00dcber Uns<\/span> Read More &raquo;<\/a><\/p>\n","protected":false},"author":1,"featured_media":0,"parent":0,"menu_order":0,"comment_status":"closed","ping_status":"closed","template":"","meta":{"_uag_custom_page_level_css":"","site-sidebar-layout":"no-sidebar","site-content-layout":"page-builder","ast-global-header-display":"","ast-main-header-display":"","ast-hfb-above-header-display":"","ast-hfb-below-header-display":"","ast-hfb-mobile-header-display":"","site-post-title":"disabled","ast-breadcrumbs-content":"","ast-featured-img":"disabled","footer-sml-layout":"","theme-transparent-header-meta":"default","adv-header-id-meta":"","stick-header-meta":"","header-above-stick-meta":"","header-main-stick-meta":"","header-below-stick-meta":"","footnotes":""},"class_list":["post-28906","page","type-page","status-publish","hentry"],"uagb_featured_image_src":{"full":false,"thumbnail":false,"medium":false,"medium_large":false,"large":false,"1536x1536":false,"2048x2048":false,"woocommerce_thumbnail":false,"woocommerce_single":false,"woocommerce_gallery_thumbnail":false,"wc_order_status_icon":false},"uagb_author_info":{"display_name":"admin","author_link":"https:\/\/mapdify.com\/de\/author\/contact_ucssiaf4\/"},"uagb_comment_info":0,"uagb_excerpt":"\u00dcber Uns Mapdify @ Work Neue Ideen f\u00fcr personalisierte Kreationen Wir bem\u00fchen uns, Produkte anzubieten, die einzigartig sind und einen pers\u00f6nlichen Wert haben Wir bieten unseren Kunden eine personalisierte Dekoration, die deine Individualit\u00e4t unterstreicht und eine Geschichte erz\u00e4hlt. Wir hoffen, dass die Gestaltung deines pers\u00f6nlichen Poster mit deinen Lieblingspl\u00e4tzen dein Zuhause zu einem Ort macht,&hellip;","_links":{"self":[{"href":"https:\/\/mapdify.com\/de\/wp-json\/wp\/v2\/pages\/28906","targetHints":{"allow":["GET"]}}],"collection":[{"href":"https:\/\/mapdify.com\/de\/wp-json\/wp\/v2\/pages"}],"about":[{"href":"https:\/\/mapdify.com\/de\/wp-json\/wp\/v2\/types\/page"}],"author":[{"embeddable":true,"href":"https:\/\/mapdify.com\/de\/wp-json\/wp\/v2\/users\/1"}],"replies":[{"embeddable":true,"href":"https:\/\/mapdify.com\/de\/wp-json\/wp\/v2\/comments?post=28906"}],"version-history":[{"count":3,"href":"https:\/\/mapdify.com\/de\/wp-json\/wp\/v2\/pages\/28906\/revisions"}],"predecessor-version":[{"id":28916,"href":"https:\/\/mapdify.com\/de\/wp-json\/wp\/v2\/pages\/28906\/revisions\/28916"}],"wp:attachment":[{"href":"https:\/\/mapdify.com\/de\/wp-json\/wp\/v2\/media?parent=28906"}],"curies":[{"name":"wp","href":"https:\/\/api.w.org\/{rel}","templated":true}]}}